{"id":957,"date":"2025-06-30T11:57:18","date_gmt":"2025-06-30T09:57:18","guid":{"rendered":"http:\/\/hftanfh.cluster027.hosting.ovh.net\/?page_id=957"},"modified":"2026-02-05T11:26:00","modified_gmt":"2026-02-05T10:26:00","slug":"envoi-dargent","status":"publish","type":"page","link":"https:\/\/escale-madeleine-delbrel.fr\/index.php\/envoi-dargent\/","title":{"rendered":"Envoi d&rsquo;argent"},"content":{"rendered":"\t\t<div data-elementor-type=\"wp-page\" data-elementor-id=\"957\" class=\"elementor elementor-957\">\n\t\t\t\t<div class=\"elementor-element elementor-element-2e6d5ff e-flex e-con-boxed e-con e-parent\" data-id=\"2e6d5ff\" data-element_type=\"container\">\n\t\t\t\t\t<div class=\"e-con-inner\">\n\t\t\t\t<div class=\"elementor-element elementor-element-8e9ed25 elementor-widget elementor-widget-heading\" data-id=\"8e9ed25\" data-element_type=\"widget\" data-widget_type=\"heading.default\">\n\t\t\t\t<div class=\"elementor-widget-container\">\n\t\t\t\t\t<h2 class=\"elementor-heading-title elementor-size-default\">Envois d'argent<\/h2>\t\t\t\t<\/div>\n\t\t\t\t<\/div>\n\t\t\t\t<div class=\"elementor-element elementor-element-79ddb17 elementor-widget elementor-widget-text-editor\" data-id=\"79ddb17\" data-element_type=\"widget\" data-widget_type=\"text-editor.default\">\n\t\t\t\t<div class=\"elementor-widget-container\">\n\t\t\t\t\t\t\t\t\t<p dir=\"auto\">\u00a0<\/p><p dir=\"auto\">Il est possible d&rsquo;envoyer de l&rsquo;argent \u00e0 la personne d\u00e9tenue. Cet argent est d\u00e9pos\u00e9 sur un compte dit \u00ab\u00a0compte-nominatif\u00a0\u00bb g\u00e9r\u00e9 par la Maison d&rsquo;arr\u00eat. Il pourra servir \u00e0 \u00ab\u00a0cantiner\u00a0\u00bb : achat de produits d&rsquo;hygi\u00e8ne ou alimentaires, tabac, journaux&#8230;<\/p><p dir=\"auto\">2 possibilit\u00e9s :<\/p><ul><li>Par virement bancaire en vous rendant au guichet de votre banque ou sur son site internet.<br \/>Dans ce cas, vous devez, au pr\u00e9alable, faire parvenir \u00e0 la r\u00e9gie des comptes nominatifs, une semaine avant le virement une copie d\u2019un justificatif d\u2019identit\u00e9 de l\u2019exp\u00e9diteur (carte nationale d\u2019identit\u00e9 ou titre de s\u00e9jour ou passeport), une copie du permis de visite et un justificatif du lien de parent\u00e9. C\u2019est le service comptable qui transmet le RIB<\/li><\/ul><ul><li>Depuis septembre 2023, les personnes ayant un permis de visite actif ont la possibilit\u00e9 d\u2019effectuer un virement par le biais du service \u00ab alimentation du p\u00e9cule \u00bb en se connectant sur le site : <a href=\"https:\/\/www.penitentiaire.justice.fr\" target=\"_blank\" rel=\"noopener\">penitentiaire.justice.fr<\/a> et en s&rsquo;identifiant avec FranceConnect. C&rsquo;est le m\u00eame site que celui qui permet de prendre des rendez-vous au parloir. Se laisser guider et cliquer sur \u00ab\u00a0Faire un virement\u00a0\u00bb. Attention ; il est conseill\u00e9 d\u2019utiliser un ordinateur plut\u00f4t qu\u2019un t\u00e9l\u00e9phone ou une tablette, sinon la d\u00e9marche risque de ne pas \u00eatre valid\u00e9e par la banque.<\/li><\/ul><p>N\u2019apportez jamais d\u2019argent liquide lors de vos visites, cela est strictement interdit par la direction.<\/p>\t\t\t\t\t\t\t\t<\/div>\n\t\t\t\t<\/div>\n\t\t\t\t\t<\/div>\n\t\t\t\t<\/div>\n\t\t\t\t<\/div>\n\t\t","protected":false},"excerpt":{"rendered":"<p>Envois d&rsquo;argent \u00a0 Il est possible d&rsquo;envoyer de l&rsquo;argent \u00e0 la personne d\u00e9tenue. Cet argent est d\u00e9pos\u00e9 sur un compte dit \u00ab\u00a0compte-nominatif\u00a0\u00bb g\u00e9r\u00e9 par la Maison d&rsquo;arr\u00eat. Il pourra servir \u00e0 \u00ab\u00a0cantiner\u00a0\u00bb : achat de produits d&rsquo;hygi\u00e8ne ou alimentaires, tabac, journaux&#8230; 2 possibilit\u00e9s : Par virement bancaire en vous rendant au guichet de votre banque [&hellip;]<\/p>\n","protected":false},"author":1,"featured_media":0,"parent":0,"menu_order":0,"comment_status":"closed","ping_status":"closed","template":"","meta":{"footnotes":""},"class_list":["post-957","page","type-page","status-publish","hentry"],"yoast_head":"<!-- This site is optimized with the Yoast SEO plugin v26.9 - https:\/\/yoast.com\/product\/yoast-seo-wordpress\/ -->\n<title>Envoi d&#039;argent - Escale Madeleine<\/title>\n<meta name=\"description\" content=\"Escale Madeleine - Accueillir des familles et amis des personnes d\u00e9tenus en attente de parloir \u00e0 la Maison d&#039;Arr\u00eat d&#039;Amiens\" \/>\n<meta name=\"robots\" content=\"index, follow, max-snippet:-1, max-image-preview:large, max-video-preview:-1\" \/>\n<link rel=\"canonical\" href=\"https:\/\/escale-madeleine-delbrel.fr\/index.php\/envoi-dargent\/\" \/>\n<meta property=\"og:locale\" content=\"fr_FR\" \/>\n<meta property=\"og:type\" content=\"article\" \/>\n<meta property=\"og:title\" content=\"Envoi d&#039;argent - Escale Madeleine\" \/>\n<meta property=\"og:description\" content=\"Escale Madeleine - Accueillir des familles et amis des personnes d\u00e9tenus en attente de parloir \u00e0 la Maison d&#039;Arr\u00eat d&#039;Amiens\" \/>\n<meta property=\"og:url\" content=\"https:\/\/escale-madeleine-delbrel.fr\/index.php\/envoi-dargent\/\" \/>\n<meta property=\"og:site_name\" content=\"Escale Madeleine\" \/>\n<meta property=\"article:modified_time\" content=\"2026-02-05T10:26:00+00:00\" \/>\n<meta name=\"twitter:card\" content=\"summary_large_image\" \/>\n<meta name=\"twitter:label1\" content=\"Dur\u00e9e de lecture estim\u00e9e\" \/>\n\t<meta name=\"twitter:data1\" content=\"2 minutes\" \/>\n<script type=\"application\/ld+json\" class=\"yoast-schema-graph\">{\"@context\":\"https:\/\/schema.org\",\"@graph\":[{\"@type\":\"WebPage\",\"@id\":\"https:\/\/escale-madeleine-delbrel.fr\/index.php\/envoi-dargent\/\",\"url\":\"https:\/\/escale-madeleine-delbrel.fr\/index.php\/envoi-dargent\/\",\"name\":\"Envoi d'argent - Escale Madeleine\",\"isPartOf\":{\"@id\":\"https:\/\/escale-madeleine-delbrel.fr\/#website\"},\"datePublished\":\"2025-06-30T09:57:18+00:00\",\"dateModified\":\"2026-02-05T10:26:00+00:00\",\"description\":\"Escale Madeleine - Accueillir des familles et amis des personnes d\u00e9tenus en attente de parloir \u00e0 la Maison d'Arr\u00eat d'Amiens\",\"breadcrumb\":{\"@id\":\"https:\/\/escale-madeleine-delbrel.fr\/index.php\/envoi-dargent\/#breadcrumb\"},\"inLanguage\":\"fr-FR\",\"potentialAction\":[{\"@type\":\"ReadAction\",\"target\":[\"https:\/\/escale-madeleine-delbrel.fr\/index.php\/envoi-dargent\/\"]}]},{\"@type\":\"BreadcrumbList\",\"@id\":\"https:\/\/escale-madeleine-delbrel.fr\/index.php\/envoi-dargent\/#breadcrumb\",\"itemListElement\":[{\"@type\":\"ListItem\",\"position\":1,\"name\":\"Accueil\",\"item\":\"https:\/\/escale-madeleine-delbrel.fr\/\"},{\"@type\":\"ListItem\",\"position\":2,\"name\":\"Envoi d&rsquo;argent\"}]},{\"@type\":\"WebSite\",\"@id\":\"https:\/\/escale-madeleine-delbrel.fr\/#website\",\"url\":\"https:\/\/escale-madeleine-delbrel.fr\/\",\"name\":\"Escale Madeleine Delbrel\",\"description\":\"Accueillir des familles et amis des personnes d\u00e9tenus en attente de parloir \u00e0 la Maison d&#039;Arr\u00eat d&#039;Amiens\",\"publisher\":{\"@id\":\"https:\/\/escale-madeleine-delbrel.fr\/#organization\"},\"potentialAction\":[{\"@type\":\"SearchAction\",\"target\":{\"@type\":\"EntryPoint\",\"urlTemplate\":\"https:\/\/escale-madeleine-delbrel.fr\/?s={search_term_string}\"},\"query-input\":{\"@type\":\"PropertyValueSpecification\",\"valueRequired\":true,\"valueName\":\"search_term_string\"}}],\"inLanguage\":\"fr-FR\"},{\"@type\":\"Organization\",\"@id\":\"https:\/\/escale-madeleine-delbrel.fr\/#organization\",\"name\":\"Escale Madeleine Delbrel\",\"url\":\"https:\/\/escale-madeleine-delbrel.fr\/\",\"logo\":{\"@type\":\"ImageObject\",\"inLanguage\":\"fr-FR\",\"@id\":\"https:\/\/escale-madeleine-delbrel.fr\/#\/schema\/logo\/image\/\",\"url\":\"https:\/\/escale-madeleine-delbrel.fr\/wp-content\/uploads\/2025\/08\/cropped-Capture-decran-du-2025-06-12-11-29-24-modified1-1.png\",\"contentUrl\":\"https:\/\/escale-madeleine-delbrel.fr\/wp-content\/uploads\/2025\/08\/cropped-Capture-decran-du-2025-06-12-11-29-24-modified1-1.png\",\"width\":95,\"height\":95,\"caption\":\"Escale Madeleine Delbrel\"},\"image\":{\"@id\":\"https:\/\/escale-madeleine-delbrel.fr\/#\/schema\/logo\/image\/\"}}]}<\/script>\n<!-- \/ Yoast SEO plugin. -->","yoast_head_json":{"title":"Envoi d'argent - Escale Madeleine","description":"Escale Madeleine - Accueillir des familles et amis des personnes d\u00e9tenus en attente de parloir \u00e0 la Maison d'Arr\u00eat d'Amiens","robots":{"index":"index","follow":"follow","max-snippet":"max-snippet:-1","max-image-preview":"max-image-preview:large","max-video-preview":"max-video-preview:-1"},"canonical":"https:\/\/escale-madeleine-delbrel.fr\/index.php\/envoi-dargent\/","og_locale":"fr_FR","og_type":"article","og_title":"Envoi d'argent - Escale Madeleine","og_description":"Escale Madeleine - Accueillir des familles et amis des personnes d\u00e9tenus en attente de parloir \u00e0 la Maison d'Arr\u00eat d'Amiens","og_url":"https:\/\/escale-madeleine-delbrel.fr\/index.php\/envoi-dargent\/","og_site_name":"Escale Madeleine","article_modified_time":"2026-02-05T10:26:00+00:00","twitter_card":"summary_large_image","twitter_misc":{"Dur\u00e9e de lecture estim\u00e9e":"2 minutes"},"schema":{"@context":"https:\/\/schema.org","@graph":[{"@type":"WebPage","@id":"https:\/\/escale-madeleine-delbrel.fr\/index.php\/envoi-dargent\/","url":"https:\/\/escale-madeleine-delbrel.fr\/index.php\/envoi-dargent\/","name":"Envoi d'argent - Escale Madeleine","isPartOf":{"@id":"https:\/\/escale-madeleine-delbrel.fr\/#website"},"datePublished":"2025-06-30T09:57:18+00:00","dateModified":"2026-02-05T10:26:00+00:00","description":"Escale Madeleine - Accueillir des familles et amis des personnes d\u00e9tenus en attente de parloir \u00e0 la Maison d'Arr\u00eat d'Amiens","breadcrumb":{"@id":"https:\/\/escale-madeleine-delbrel.fr\/index.php\/envoi-dargent\/#breadcrumb"},"inLanguage":"fr-FR","potentialAction":[{"@type":"ReadAction","target":["https:\/\/escale-madeleine-delbrel.fr\/index.php\/envoi-dargent\/"]}]},{"@type":"BreadcrumbList","@id":"https:\/\/escale-madeleine-delbrel.fr\/index.php\/envoi-dargent\/#breadcrumb","itemListElement":[{"@type":"ListItem","position":1,"name":"Accueil","item":"https:\/\/escale-madeleine-delbrel.fr\/"},{"@type":"ListItem","position":2,"name":"Envoi d&rsquo;argent"}]},{"@type":"WebSite","@id":"https:\/\/escale-madeleine-delbrel.fr\/#website","url":"https:\/\/escale-madeleine-delbrel.fr\/","name":"Escale Madeleine Delbrel","description":"Accueillir des familles et amis des personnes d\u00e9tenus en attente de parloir \u00e0 la Maison d&#039;Arr\u00eat d&#039;Amiens","publisher":{"@id":"https:\/\/escale-madeleine-delbrel.fr\/#organization"},"potentialAction":[{"@type":"SearchAction","target":{"@type":"EntryPoint","urlTemplate":"https:\/\/escale-madeleine-delbrel.fr\/?s={search_term_string}"},"query-input":{"@type":"PropertyValueSpecification","valueRequired":true,"valueName":"search_term_string"}}],"inLanguage":"fr-FR"},{"@type":"Organization","@id":"https:\/\/escale-madeleine-delbrel.fr\/#organization","name":"Escale Madeleine Delbrel","url":"https:\/\/escale-madeleine-delbrel.fr\/","logo":{"@type":"ImageObject","inLanguage":"fr-FR","@id":"https:\/\/escale-madeleine-delbrel.fr\/#\/schema\/logo\/image\/","url":"https:\/\/escale-madeleine-delbrel.fr\/wp-content\/uploads\/2025\/08\/cropped-Capture-decran-du-2025-06-12-11-29-24-modified1-1.png","contentUrl":"https:\/\/escale-madeleine-delbrel.fr\/wp-content\/uploads\/2025\/08\/cropped-Capture-decran-du-2025-06-12-11-29-24-modified1-1.png","width":95,"height":95,"caption":"Escale Madeleine Delbrel"},"image":{"@id":"https:\/\/escale-madeleine-delbrel.fr\/#\/schema\/logo\/image\/"}}]}},"_links":{"self":[{"href":"https:\/\/escale-madeleine-delbrel.fr\/index.php\/wp-json\/wp\/v2\/pages\/957","targetHints":{"allow":["GET"]}}],"collection":[{"href":"https:\/\/escale-madeleine-delbrel.fr\/index.php\/wp-json\/wp\/v2\/pages"}],"about":[{"href":"https:\/\/escale-madeleine-delbrel.fr\/index.php\/wp-json\/wp\/v2\/types\/page"}],"author":[{"embeddable":true,"href":"https:\/\/escale-madeleine-delbrel.fr\/index.php\/wp-json\/wp\/v2\/users\/1"}],"replies":[{"embeddable":true,"href":"https:\/\/escale-madeleine-delbrel.fr\/index.php\/wp-json\/wp\/v2\/comments?post=957"}],"version-history":[{"count":37,"href":"https:\/\/escale-madeleine-delbrel.fr\/index.php\/wp-json\/wp\/v2\/pages\/957\/revisions"}],"predecessor-version":[{"id":1665,"href":"https:\/\/escale-madeleine-delbrel.fr\/index.php\/wp-json\/wp\/v2\/pages\/957\/revisions\/1665"}],"wp:attachment":[{"href":"https:\/\/escale-madeleine-delbrel.fr\/index.php\/wp-json\/wp\/v2\/media?parent=957"}],"curies":[{"name":"wp","href":"https:\/\/api.w.org\/{rel}","templated":true}]}}