{"id":497,"date":"2025-06-04T10:45:28","date_gmt":"2025-06-04T08:45:28","guid":{"rendered":"http:\/\/hftanfh.cluster027.hosting.ovh.net\/?page_id=497"},"modified":"2026-02-05T11:38:51","modified_gmt":"2026-02-05T10:38:51","slug":"demarches-linge","status":"publish","type":"page","link":"https:\/\/escale-madeleine-delbrel.fr\/index.php\/demarches-linge\/","title":{"rendered":"D\u00e9marches linge"},"content":{"rendered":"\t\t<div data-elementor-type=\"wp-page\" data-elementor-id=\"497\" class=\"elementor elementor-497\">\n\t\t\t\t<div class=\"elementor-element elementor-element-7bd8c72 e-flex e-con-boxed e-con e-parent\" data-id=\"7bd8c72\" data-element_type=\"container\">\n\t\t\t\t\t<div class=\"e-con-inner\">\n\t\t\t\t<div class=\"elementor-element elementor-element-4d7aff5 elementor-widget elementor-widget-heading\" data-id=\"4d7aff5\" data-element_type=\"widget\" data-widget_type=\"heading.default\">\n\t\t\t\t<div class=\"elementor-widget-container\">\n\t\t\t\t\t<h2 class=\"elementor-heading-title elementor-size-default\">Apporter du linge<\/h2>\t\t\t\t<\/div>\n\t\t\t\t<\/div>\n\t\t\t\t<div class=\"elementor-element elementor-element-1cf21ba elementor-widget elementor-widget-text-editor\" data-id=\"1cf21ba\" data-element_type=\"widget\" data-widget_type=\"text-editor.default\">\n\t\t\t\t<div class=\"elementor-widget-container\">\n\t\t\t\t\t\t\t\t\t<p>\u00a0<\/p><p>Il est possible de d\u00e9poser un sac de linge \u00e0 la personne d\u00e9tenue une fois par semaine ou par mois.<br \/>Le linge doit \u00eatre mis dans un sac de type cabas en plastique (50x50x20) avec fermeture \u00e9clair portant le nom, pr\u00e9nom, num\u00e9ro d\u2019\u00e9crou de la personne d\u00e9tenue. Pour le premier d\u00e9p\u00f4t de linge, il y a obligation de joindre dans le sac la feuille avec l\u2019inventaire du linge (possibilit\u00e9 de la demander \u00e0 la Maison d&rsquo;accueil).<\/p><p>Les personnes d\u00e9tenues pr\u00e9venues ont acc\u00e8s \u00e0 cette modalit\u00e9 d\u2019entr\u00e9e\/sortie du linge sauf opposition du magistrat instructeur. Les personnes reconnues victimes ou faisant l\u2019objet d\u2019une interdiction de contact ne peuvent en aucun cas ni recevoir, ni d\u00e9poser du linge quelle que soit la cat\u00e9gorie p\u00e9nale du b\u00e9n\u00e9ficiaire.<\/p>\t\t\t\t\t\t\t\t<\/div>\n\t\t\t\t<\/div>\n\t\t\t\t\t<\/div>\n\t\t\t\t<\/div>\n\t\t<div class=\"elementor-element elementor-element-ea3a891 separator e-flex e-con-boxed e-con e-parent\" data-id=\"ea3a891\" data-element_type=\"container\">\n\t\t\t\t\t<div class=\"e-con-inner\">\n\t\t\t\t\t<\/div>\n\t\t\t\t<\/div>\n\t\t<div class=\"elementor-element elementor-element-d8432c0  orange-background e-flex e-con-boxed e-con e-parent\" data-id=\"d8432c0\" data-element_type=\"container\">\n\t\t\t\t\t<div class=\"e-con-inner\">\n\t\t\t\t<div class=\"elementor-element elementor-element-bc00e0d elementor-widget elementor-widget-heading\" data-id=\"bc00e0d\" data-element_type=\"widget\" data-widget_type=\"heading.default\">\n\t\t\t\t<div class=\"elementor-widget-container\">\n\t\t\t\t\t<h2 class=\"elementor-heading-title elementor-size-default\">PERSONNE ARRIVANTE<\/h2>\t\t\t\t<\/div>\n\t\t\t\t<\/div>\n\t\t\t\t<div class=\"elementor-element elementor-element-2810fce elementor-widget elementor-widget-text-editor\" data-id=\"2810fce\" data-element_type=\"widget\" data-widget_type=\"text-editor.default\">\n\t\t\t\t<div class=\"elementor-widget-container\">\n\t\t\t\t\t\t\t\t\t<p>\u00a0<\/p><p>Le d\u00e9p\u00f4t d\u2019un sac de linge durant les 15 premiers jours d\u2019incarc\u00e9ration de la personne d\u00e9tenue est possible, sur pr\u00e9sentation d\u2019une pi\u00e8ce d\u2019identit\u00e9 valide.<\/p><p>La demande de d\u00e9p\u00f4t doit avoir \u00e9t\u00e9 faite pr\u00e9alablement par la personne d\u00e9tenue et valid\u00e9e. Seule la personne d\u00e9sign\u00e9e est autoris\u00e9e \u00e0 d\u00e9poser le linge.<\/p><p>Vous pouvez effectuer le d\u00e9p\u00f4t dans les cr\u00e9neaux suivants :<\/p><ul><li>Les mardis et vendredis apr\u00e8s-midi de 13h30 \u00e0 16h30<\/li><li>Les mercredis de 9h30 \u00e0 11h30 et de 13h30 \u00e0 16h30<\/li><li>Les samedis de 8h00 \u00e0 11h30 et de 13h30 \u00e0 15h30<\/li><\/ul><p>Apr\u00e8s le contr\u00f4le du sac, le linge non conforme vous sera rendu.<\/p>\t\t\t\t\t\t\t\t<\/div>\n\t\t\t\t<\/div>\n\t\t\t\t\t<\/div>\n\t\t\t\t<\/div>\n\t\t<div class=\"elementor-element elementor-element-8a5f2fa e-flex e-con-boxed e-con e-parent\" data-id=\"8a5f2fa\" data-element_type=\"container\">\n\t\t\t\t\t<div class=\"e-con-inner\">\n\t\t\t\t<div class=\"elementor-element elementor-element-248f7ce elementor-widget elementor-widget-spacer\" data-id=\"248f7ce\" data-element_type=\"widget\" data-widget_type=\"spacer.default\">\n\t\t\t\t<div class=\"elementor-widget-container\">\n\t\t\t\t\t\t\t<div class=\"elementor-spacer\">\n\t\t\t<div class=\"elementor-spacer-inner\"><\/div>\n\t\t<\/div>\n\t\t\t\t\t\t<\/div>\n\t\t\t\t<\/div>\n\t\t\t\t\t<\/div>\n\t\t\t\t<\/div>\n\t\t<div class=\"elementor-element elementor-element-ef71cd0 separator e-flex e-con-boxed e-con e-parent\" data-id=\"ef71cd0\" data-element_type=\"container\">\n\t\t\t\t\t<div class=\"e-con-inner\">\n\t\t\t\t\t<\/div>\n\t\t\t\t<\/div>\n\t\t<div class=\"elementor-element elementor-element-b273946 e-flex e-con-boxed e-con e-parent\" data-id=\"b273946\" data-element_type=\"container\">\n\t\t\t\t\t<div class=\"e-con-inner\">\n\t\t\t\t<div class=\"elementor-element elementor-element-8636d21 elementor-widget elementor-widget-heading\" data-id=\"8636d21\" data-element_type=\"widget\" data-widget_type=\"heading.default\">\n\t\t\t\t<div class=\"elementor-widget-container\">\n\t\t\t\t\t<h2 class=\"elementor-heading-title elementor-size-default\">PERSONNE BENEFICIAIRE D\u2019UN PERMIS DE VISITE<\/h2>\t\t\t\t<\/div>\n\t\t\t\t<\/div>\n\t\t\t\t<div class=\"elementor-element elementor-element-a383c9b elementor-widget elementor-widget-text-editor\" data-id=\"a383c9b\" data-element_type=\"widget\" data-widget_type=\"text-editor.default\">\n\t\t\t\t<div class=\"elementor-widget-container\">\n\t\t\t\t\t\t\t\t\t<p>\u00a0<\/p><p>La possibilit\u00e9 du d\u00e9p\u00f4t de linge est offerte une fois par semaine \u00e0 l\u2019occasion d\u2019un parloir.<\/p><p>La prise en charge et le contr\u00f4le du sac de linge sont faits par le surveillant des parloirs.<\/p><p>Le linge non autoris\u00e9 ou en surnombre vous sera restitu\u00e9, le linge sortant contr\u00f4l\u00e9 vous sera remis \u00e9galement.<\/p><p>Le d\u00e9p\u00f4t du sac de linge ou la r\u00e9cup\u00e9ration en cas de sortie d\u2019un sac pour toutes les personnes d\u00e9tenues lors des parloirs est autoris\u00e9 aux jours et horaires des parloirs, \u00e0 savoir :<\/p><ul><li>Les mardis et vendredis apr\u00e8s-midi de 13h30 \u00e0 16h45<\/li><li>Les mercredis de 9h30 \u00e0 11h45 et de 13h30 \u00e0 16h45<\/li><li>\u00a0Les samedis de 8h00 \u00e0 11h45 et de 13h30 \u00e0 15h45<\/li><\/ul><p>\u00a0<\/p>\t\t\t\t\t\t\t\t<\/div>\n\t\t\t\t<\/div>\n\t\t\t\t\t<\/div>\n\t\t\t\t<\/div>\n\t\t<div class=\"elementor-element elementor-element-b439fe0 separator e-flex e-con-boxed e-con e-parent\" data-id=\"b439fe0\" data-element_type=\"container\">\n\t\t\t\t\t<div class=\"e-con-inner\">\n\t\t\t\t\t<\/div>\n\t\t\t\t<\/div>\n\t\t<div class=\"elementor-element elementor-element-f57a98b orange-background e-flex e-con-boxed e-con e-parent\" data-id=\"f57a98b\" data-element_type=\"container\">\n\t\t\t\t\t<div class=\"e-con-inner\">\n\t\t\t\t<div class=\"elementor-element elementor-element-6f34b23 elementor-widget elementor-widget-heading\" data-id=\"6f34b23\" data-element_type=\"widget\" data-widget_type=\"heading.default\">\n\t\t\t\t<div class=\"elementor-widget-container\">\n\t\t\t\t\t<h2 class=\"elementor-heading-title elementor-size-default\">PERSONNE NON BENEFICIAIRE D\u2019UN PERMIS DE VISITE OU EN L\u2019ABSENCE DE VISITE DEPUIS 3 MOIS<\/h2>\t\t\t\t<\/div>\n\t\t\t\t<\/div>\n\t\t\t\t<div class=\"elementor-element elementor-element-99a9997 elementor-widget elementor-widget-text-editor\" data-id=\"99a9997\" data-element_type=\"widget\" data-widget_type=\"text-editor.default\">\n\t\t\t\t<div class=\"elementor-widget-container\">\n\t\t\t\t\t\t\t\t\t<p>\u00a0<\/p><p>Si vous n\u2019avez pas de permis de visite ou que vous n\u2019avez pas pu visiter la personne d\u00e9tenue depuis au moins trois mois, vous pouvez effectuer un d\u00e9p\u00f4t une fois par mois.<\/p><p>Toutefois c\u2019est la personne d\u00e9tenue qui doit en faire la demande \u00e0 l\u2019\u00e9tablissement.<\/p><p>Il faudra donc l\u2019autorisation pr\u00e9alable de l\u2019\u00e9tablissement avant de pouvoir venir effectuer le d\u00e9p\u00f4t ou le retrait de linge.<\/p><p>Si vous vous pr\u00e9sentez \u00e0 l\u2019\u00e9tablissement sans avoir obtenu l\u2019autorisation, le d\u00e9p\u00f4t vous sera<br \/>refus\u00e9. Seule la personne autoris\u00e9e pourra venir d\u00e9poser le linge (elle doit donc se munir d\u2019une pi\u00e8ce d\u2019identit\u00e9).<\/p><p>Vous pouvez effectuer un d\u00e9p\u00f4t dans les cr\u00e9neaux suivants :<br \/>\u00a0<\/p><ul><li>Les mardis et vendredis apr\u00e8s-midi de 13h30 \u00e0 16h30<\/li><li>\u00a0Les mercredis de 9h30 \u00e0 11h30 et de 13h30 \u00e0 16h30<\/li><li>\u00a0Les samedis de 8h00 \u00e0 11h30 et de 13h30 \u00e0 15h30<\/li><\/ul><p>Apr\u00e8s contr\u00f4le du sac, le linge non conforme vous sera rendu.<\/p>\t\t\t\t\t\t\t\t<\/div>\n\t\t\t\t<\/div>\n\t\t\t\t\t<\/div>\n\t\t\t\t<\/div>\n\t\t<div class=\"elementor-element elementor-element-edd9618 separator e-flex e-con-boxed e-con e-parent\" data-id=\"edd9618\" data-element_type=\"container\">\n\t\t\t\t\t<div class=\"e-con-inner\">\n\t\t\t\t\t<\/div>\n\t\t\t\t<\/div>\n\t\t<div class=\"elementor-element elementor-element-4906dc6 e-flex e-con-boxed e-con e-parent\" data-id=\"4906dc6\" data-element_type=\"container\">\n\t\t\t\t\t<div class=\"e-con-inner\">\n\t\t\t\t<div class=\"elementor-element elementor-element-e5b2b8d elementor-widget elementor-widget-heading\" data-id=\"e5b2b8d\" data-element_type=\"widget\" data-widget_type=\"heading.default\">\n\t\t\t\t<div class=\"elementor-widget-container\">\n\t\t\t\t\t<h2 class=\"elementor-heading-title elementor-size-default\">V\u00caTEMENTS AUTORIS\u00c9S ET R\u00c8GLES \u00c0 RESPECTER<\/h2>\t\t\t\t<\/div>\n\t\t\t\t<\/div>\n\t\t\t\t<div class=\"elementor-element elementor-element-2b89fe4 elementor-widget elementor-widget-text-editor\" data-id=\"2b89fe4\" data-element_type=\"widget\" data-widget_type=\"text-editor.default\">\n\t\t\t\t<div class=\"elementor-widget-container\">\n\t\t\t\t\t\t\t\t\t<p>\u00a0<\/p><p>L\u2019entr\u00e9e ou la sortie des effets vestimentaires et textiles, y compris le linge de toilette et de table, est autoris\u00e9e, \u00e0 l\u2019exception :<\/p><ul><li>Des v\u00eatements dont les inscriptions sont, par leur nature, provocantes ou outranci\u00e8res ou susceptibles de porter atteinte au bon ordre ou \u00e0 la s\u00e9curit\u00e9 de l\u2019\u00e9tablissement.<\/li><li>Des v\u00eatements pouvant provoquer une confusion avec l\u2019uniforme p\u00e9nitentiaire ou tout autre uniforme ainsi que les tenues imprim\u00e9es type \u00ab camouflage \u00bb.<\/li><li>Des v\u00eatements pouvant servir \u00e0 masquer son identit\u00e9 (cagoule, capuche\u2026)<\/li><li>Des v\u00eatements en cuir, doubl\u00e9s ou matelass\u00e9s<\/li><li>Des chaussures munies d\u2019une structure m\u00e9tallique (tige, boucle, coque, etc\u2026)<\/li><\/ul><p>Annexes :<\/p><ul><li><a href=\"\/wp-content\/uploads\/2025\/06\/Annexe-1.pdf\" target=\"_blank\" rel=\"noopener\">ANNEXE 1 Liste de linge autoris\u00e9<\/a><\/li><li><a href=\"\/wp-content\/uploads\/2025\/06\/annexe-2.pdf\" target=\"_blank\" rel=\"noopener\">ANNEXE 2 Liste non exhaustive des effets interdits en d\u00e9tention<\/a><\/li><\/ul><p>\u00a0<\/p>\t\t\t\t\t\t\t\t<\/div>\n\t\t\t\t<\/div>\n\t\t\t\t\t<\/div>\n\t\t\t\t<\/div>\n\t\t\t\t<\/div>\n\t\t","protected":false},"excerpt":{"rendered":"<p>Apporter du linge \u00a0 Il est possible de d\u00e9poser un sac de linge \u00e0 la personne d\u00e9tenue une fois par semaine ou par mois.Le linge doit \u00eatre mis dans un sac de type cabas en plastique (50x50x20) avec fermeture \u00e9clair portant le nom, pr\u00e9nom, num\u00e9ro d\u2019\u00e9crou de la personne d\u00e9tenue. Pour le premier d\u00e9p\u00f4t de [&hellip;]<\/p>\n","protected":false},"author":1,"featured_media":0,"parent":0,"menu_order":0,"comment_status":"closed","ping_status":"closed","template":"","meta":{"footnotes":""},"class_list":["post-497","page","type-page","status-publish","hentry"],"yoast_head":"<!-- This site is optimized with the Yoast SEO plugin v26.9 - https:\/\/yoast.com\/product\/yoast-seo-wordpress\/ -->\n<title>D\u00e9marches linge - Escale Madeleine<\/title>\n<meta name=\"description\" content=\"Escale Madeleine - Accueillir des familles et amis des personnes d\u00e9tenus en attente de parloir \u00e0 la Maison d&#039;Arr\u00eat d&#039;Amiens\" \/>\n<meta name=\"robots\" content=\"index, follow, max-snippet:-1, max-image-preview:large, max-video-preview:-1\" \/>\n<link rel=\"canonical\" href=\"https:\/\/escale-madeleine-delbrel.fr\/index.php\/demarches-linge\/\" \/>\n<meta property=\"og:locale\" content=\"fr_FR\" \/>\n<meta property=\"og:type\" content=\"article\" \/>\n<meta property=\"og:title\" content=\"D\u00e9marches linge - Escale Madeleine\" \/>\n<meta property=\"og:description\" content=\"Escale Madeleine - Accueillir des familles et amis des personnes d\u00e9tenus en attente de parloir \u00e0 la Maison d&#039;Arr\u00eat d&#039;Amiens\" \/>\n<meta property=\"og:url\" content=\"https:\/\/escale-madeleine-delbrel.fr\/index.php\/demarches-linge\/\" \/>\n<meta property=\"og:site_name\" content=\"Escale Madeleine\" \/>\n<meta property=\"article:modified_time\" content=\"2026-02-05T10:38:51+00:00\" \/>\n<meta name=\"twitter:card\" content=\"summary_large_image\" \/>\n<meta name=\"twitter:label1\" content=\"Dur\u00e9e de lecture estim\u00e9e\" \/>\n\t<meta name=\"twitter:data1\" content=\"4 minutes\" \/>\n<script type=\"application\/ld+json\" class=\"yoast-schema-graph\">{\"@context\":\"https:\/\/schema.org\",\"@graph\":[{\"@type\":\"WebPage\",\"@id\":\"https:\/\/escale-madeleine-delbrel.fr\/index.php\/demarches-linge\/\",\"url\":\"https:\/\/escale-madeleine-delbrel.fr\/index.php\/demarches-linge\/\",\"name\":\"D\u00e9marches linge - Escale Madeleine\",\"isPartOf\":{\"@id\":\"https:\/\/escale-madeleine-delbrel.fr\/#website\"},\"datePublished\":\"2025-06-04T08:45:28+00:00\",\"dateModified\":\"2026-02-05T10:38:51+00:00\",\"description\":\"Escale Madeleine - Accueillir des familles et amis des personnes d\u00e9tenus en attente de parloir \u00e0 la Maison d'Arr\u00eat d'Amiens\",\"breadcrumb\":{\"@id\":\"https:\/\/escale-madeleine-delbrel.fr\/index.php\/demarches-linge\/#breadcrumb\"},\"inLanguage\":\"fr-FR\",\"potentialAction\":[{\"@type\":\"ReadAction\",\"target\":[\"https:\/\/escale-madeleine-delbrel.fr\/index.php\/demarches-linge\/\"]}]},{\"@type\":\"BreadcrumbList\",\"@id\":\"https:\/\/escale-madeleine-delbrel.fr\/index.php\/demarches-linge\/#breadcrumb\",\"itemListElement\":[{\"@type\":\"ListItem\",\"position\":1,\"name\":\"Accueil\",\"item\":\"https:\/\/escale-madeleine-delbrel.fr\/\"},{\"@type\":\"ListItem\",\"position\":2,\"name\":\"D\u00e9marches linge\"}]},{\"@type\":\"WebSite\",\"@id\":\"https:\/\/escale-madeleine-delbrel.fr\/#website\",\"url\":\"https:\/\/escale-madeleine-delbrel.fr\/\",\"name\":\"Escale Madeleine Delbrel\",\"description\":\"Accueillir des familles et amis des personnes d\u00e9tenus en attente de parloir \u00e0 la Maison d&#039;Arr\u00eat d&#039;Amiens\",\"publisher\":{\"@id\":\"https:\/\/escale-madeleine-delbrel.fr\/#organization\"},\"potentialAction\":[{\"@type\":\"SearchAction\",\"target\":{\"@type\":\"EntryPoint\",\"urlTemplate\":\"https:\/\/escale-madeleine-delbrel.fr\/?s={search_term_string}\"},\"query-input\":{\"@type\":\"PropertyValueSpecification\",\"valueRequired\":true,\"valueName\":\"search_term_string\"}}],\"inLanguage\":\"fr-FR\"},{\"@type\":\"Organization\",\"@id\":\"https:\/\/escale-madeleine-delbrel.fr\/#organization\",\"name\":\"Escale Madeleine Delbrel\",\"url\":\"https:\/\/escale-madeleine-delbrel.fr\/\",\"logo\":{\"@type\":\"ImageObject\",\"inLanguage\":\"fr-FR\",\"@id\":\"https:\/\/escale-madeleine-delbrel.fr\/#\/schema\/logo\/image\/\",\"url\":\"https:\/\/escale-madeleine-delbrel.fr\/wp-content\/uploads\/2025\/08\/cropped-Capture-decran-du-2025-06-12-11-29-24-modified1-1.png\",\"contentUrl\":\"https:\/\/escale-madeleine-delbrel.fr\/wp-content\/uploads\/2025\/08\/cropped-Capture-decran-du-2025-06-12-11-29-24-modified1-1.png\",\"width\":95,\"height\":95,\"caption\":\"Escale Madeleine Delbrel\"},\"image\":{\"@id\":\"https:\/\/escale-madeleine-delbrel.fr\/#\/schema\/logo\/image\/\"}}]}<\/script>\n<!-- \/ Yoast SEO plugin. -->","yoast_head_json":{"title":"D\u00e9marches linge - Escale Madeleine","description":"Escale Madeleine - Accueillir des familles et amis des personnes d\u00e9tenus en attente de parloir \u00e0 la Maison d'Arr\u00eat d'Amiens","robots":{"index":"index","follow":"follow","max-snippet":"max-snippet:-1","max-image-preview":"max-image-preview:large","max-video-preview":"max-video-preview:-1"},"canonical":"https:\/\/escale-madeleine-delbrel.fr\/index.php\/demarches-linge\/","og_locale":"fr_FR","og_type":"article","og_title":"D\u00e9marches linge - Escale Madeleine","og_description":"Escale Madeleine - Accueillir des familles et amis des personnes d\u00e9tenus en attente de parloir \u00e0 la Maison d'Arr\u00eat d'Amiens","og_url":"https:\/\/escale-madeleine-delbrel.fr\/index.php\/demarches-linge\/","og_site_name":"Escale Madeleine","article_modified_time":"2026-02-05T10:38:51+00:00","twitter_card":"summary_large_image","twitter_misc":{"Dur\u00e9e de lecture estim\u00e9e":"4 minutes"},"schema":{"@context":"https:\/\/schema.org","@graph":[{"@type":"WebPage","@id":"https:\/\/escale-madeleine-delbrel.fr\/index.php\/demarches-linge\/","url":"https:\/\/escale-madeleine-delbrel.fr\/index.php\/demarches-linge\/","name":"D\u00e9marches linge - Escale Madeleine","isPartOf":{"@id":"https:\/\/escale-madeleine-delbrel.fr\/#website"},"datePublished":"2025-06-04T08:45:28+00:00","dateModified":"2026-02-05T10:38:51+00:00","description":"Escale Madeleine - Accueillir des familles et amis des personnes d\u00e9tenus en attente de parloir \u00e0 la Maison d'Arr\u00eat d'Amiens","breadcrumb":{"@id":"https:\/\/escale-madeleine-delbrel.fr\/index.php\/demarches-linge\/#breadcrumb"},"inLanguage":"fr-FR","potentialAction":[{"@type":"ReadAction","target":["https:\/\/escale-madeleine-delbrel.fr\/index.php\/demarches-linge\/"]}]},{"@type":"BreadcrumbList","@id":"https:\/\/escale-madeleine-delbrel.fr\/index.php\/demarches-linge\/#breadcrumb","itemListElement":[{"@type":"ListItem","position":1,"name":"Accueil","item":"https:\/\/escale-madeleine-delbrel.fr\/"},{"@type":"ListItem","position":2,"name":"D\u00e9marches linge"}]},{"@type":"WebSite","@id":"https:\/\/escale-madeleine-delbrel.fr\/#website","url":"https:\/\/escale-madeleine-delbrel.fr\/","name":"Escale Madeleine Delbrel","description":"Accueillir des familles et amis des personnes d\u00e9tenus en attente de parloir \u00e0 la Maison d&#039;Arr\u00eat d&#039;Amiens","publisher":{"@id":"https:\/\/escale-madeleine-delbrel.fr\/#organization"},"potentialAction":[{"@type":"SearchAction","target":{"@type":"EntryPoint","urlTemplate":"https:\/\/escale-madeleine-delbrel.fr\/?s={search_term_string}"},"query-input":{"@type":"PropertyValueSpecification","valueRequired":true,"valueName":"search_term_string"}}],"inLanguage":"fr-FR"},{"@type":"Organization","@id":"https:\/\/escale-madeleine-delbrel.fr\/#organization","name":"Escale Madeleine Delbrel","url":"https:\/\/escale-madeleine-delbrel.fr\/","logo":{"@type":"ImageObject","inLanguage":"fr-FR","@id":"https:\/\/escale-madeleine-delbrel.fr\/#\/schema\/logo\/image\/","url":"https:\/\/escale-madeleine-delbrel.fr\/wp-content\/uploads\/2025\/08\/cropped-Capture-decran-du-2025-06-12-11-29-24-modified1-1.png","contentUrl":"https:\/\/escale-madeleine-delbrel.fr\/wp-content\/uploads\/2025\/08\/cropped-Capture-decran-du-2025-06-12-11-29-24-modified1-1.png","width":95,"height":95,"caption":"Escale Madeleine Delbrel"},"image":{"@id":"https:\/\/escale-madeleine-delbrel.fr\/#\/schema\/logo\/image\/"}}]}},"_links":{"self":[{"href":"https:\/\/escale-madeleine-delbrel.fr\/index.php\/wp-json\/wp\/v2\/pages\/497","targetHints":{"allow":["GET"]}}],"collection":[{"href":"https:\/\/escale-madeleine-delbrel.fr\/index.php\/wp-json\/wp\/v2\/pages"}],"about":[{"href":"https:\/\/escale-madeleine-delbrel.fr\/index.php\/wp-json\/wp\/v2\/types\/page"}],"author":[{"embeddable":true,"href":"https:\/\/escale-madeleine-delbrel.fr\/index.php\/wp-json\/wp\/v2\/users\/1"}],"replies":[{"embeddable":true,"href":"https:\/\/escale-madeleine-delbrel.fr\/index.php\/wp-json\/wp\/v2\/comments?post=497"}],"version-history":[{"count":130,"href":"https:\/\/escale-madeleine-delbrel.fr\/index.php\/wp-json\/wp\/v2\/pages\/497\/revisions"}],"predecessor-version":[{"id":1687,"href":"https:\/\/escale-madeleine-delbrel.fr\/index.php\/wp-json\/wp\/v2\/pages\/497\/revisions\/1687"}],"wp:attachment":[{"href":"https:\/\/escale-madeleine-delbrel.fr\/index.php\/wp-json\/wp\/v2\/media?parent=497"}],"curies":[{"name":"wp","href":"https:\/\/api.w.org\/{rel}","templated":true}]}}