{"id":255,"date":"2025-03-03T14:25:05","date_gmt":"2025-03-03T13:25:05","guid":{"rendered":"http:\/\/hftanfh.cluster027.hosting.ovh.net\/?page_id=255"},"modified":"2026-02-05T11:27:39","modified_gmt":"2026-02-05T10:27:39","slug":"legal-mention","status":"publish","type":"page","link":"https:\/\/escale-madeleine-delbrel.fr\/index.php\/legal-mention\/","title":{"rendered":"Mentions l\u00e9gales"},"content":{"rendered":"\t\t<div data-elementor-type=\"wp-page\" data-elementor-id=\"255\" class=\"elementor elementor-255\">\n\t\t\t\t<div class=\"elementor-element elementor-element-0a80742 e-flex e-con-boxed e-con e-parent\" data-id=\"0a80742\" data-element_type=\"container\">\n\t\t\t\t\t<div class=\"e-con-inner\">\n\t\t\t\t<div class=\"elementor-element elementor-element-1909d8f elementor-widget elementor-widget-heading\" data-id=\"1909d8f\" data-element_type=\"widget\" data-widget_type=\"heading.default\">\n\t\t\t\t<div class=\"elementor-widget-container\">\n\t\t\t\t\t<h2 class=\"elementor-heading-title elementor-size-default\">Mentions l\u00e9gales<\/h2>\t\t\t\t<\/div>\n\t\t\t\t<\/div>\n\t\t\t\t<div class=\"elementor-element elementor-element-6548caf elementor-widget elementor-widget-text-editor\" data-id=\"6548caf\" data-element_type=\"widget\" id=\"legal-mention\" data-widget_type=\"text-editor.default\">\n\t\t\t\t<div class=\"elementor-widget-container\">\n\t\t\t\t\t\t\t\t\t<p data-asw-orgfontsize=\"32\">\u00a0<\/p><p data-asw-orgfontsize=\"32\"><span style=\"font-size: inherit; text-align: inherit; color: var( --e-global-color-text ); font-family: var( --e-global-typography-text-font-family ), Sans-serif; font-weight: var( --e-global-typography-text-font-weight ); letter-spacing: normal;\">Conform\u00e9ment aux dispositions des Articles 6-III et 19 de la Loi n\u00b02004-575 du 21 juin 2004 pour la Confiance dans l&rsquo;\u00e9conomie num\u00e9rique, dite L.C.E.N., il est port\u00e9 \u00e0 la connaissance des utilisateurs et visiteurs, ci-apr\u00e8s l'\u00a0\u00bbUtilisateur\u00a0\u00bb, du site\u00a0<\/span><a style=\"font-size: inherit; text-align: inherit; font-family: var( --e-global-typography-text-font-family ), Sans-serif; font-weight: var( --e-global-typography-text-font-weight ); letter-spacing: normal;\" href=\"https:\/\/victoria.codephenix.fr\/\" target=\"_blank\" rel=\"noopener noreferrer\" data-asw-orgfontsize=\"16\">https:\/\/victoria.codephenix.fr\/<\/a><span style=\"font-size: inherit; text-align: inherit; color: var( --e-global-color-text ); font-family: var( --e-global-typography-text-font-family ), Sans-serif; font-weight: var( --e-global-typography-text-font-weight ); letter-spacing: normal;\">\u00a0, ci-apr\u00e8s le \u00ab\u00a0Site\u00a0\u00bb, les pr\u00e9sentes mentions l\u00e9gales. La connexion et la navigation sur le Site par l&rsquo;Utilisateur implique acceptation int\u00e9grale et sans r\u00e9serve des pr\u00e9sentes mentions l\u00e9gales. Ces derni\u00e8res sont accessibles sur le Site \u00e0 la rubrique \u00ab Mentions l\u00e9gales \u00bb.<\/span><\/p><p data-asw-orgfontsize=\"32\"><b>Article 1 &#8211; L\u00e9diteur<\/b><\/p><p data-asw-orgfontsize=\"32\">L&rsquo;\u00e9dition du Site est assur\u00e9e par <a href=\"https:\/\/etapweb.fr\/\">Etap&rsquo;Web<\/a> 99 Rue Heurtault \u2013 93300 Aubervilliers H\u00e9bergement du site ci-apr\u00e8s l&rsquo;Editeur\u00a0\u00bb.<\/p><div class=\"legal-section\"><p><b>Article 2 &#8211; L&rsquo;h\u00e9bergeur<\/b><\/p><p data-asw-orgfontsize=\"16\">L&rsquo;h\u00e9bergeur du Site est la soci\u00e9t\u00e9 OVH SAS, dont le si\u00e8ge social est situ\u00e9 au 2, rue Kellermann, 59100 Roubaix.<\/p><\/div><div class=\"legal-section\"><p><b>Article 3 &#8211; Acc\u00e8s au site<\/b><\/p><p data-asw-orgfontsize=\"16\">Le Site est accessible en tout endroit, 7j\/7, 24h\/24 sauf cas de force majeure, interruption programm\u00e9e ou non et pouvant d\u00e9coulant d&rsquo;une n\u00e9cessit\u00e9 de maintenance.<br \/>En cas de modification, interruption ou suspension du Site, l&rsquo;Editeur ne saurait \u00eatre tenu responsable.<\/p><\/div><div class=\"legal-section\"><p><b>Article 4 &#8211; Collecte des donn\u00e9es<\/b><\/p><p data-asw-orgfontsize=\"16\">Le site est exempt\u00e9 de d\u00e9claration \u00e0 la Commission Nationale Informatique et Libert\u00e9s (CNIL) dans la mesure o\u00f9 il ne collecte aucune donn\u00e9e concernant les utilisateurs. Toute utilisation, reproduction, diffusion, commercialisation, modification de toute ou partie du Site, sans autorisation de l&rsquo;Editeur est prohib\u00e9e et pourra entra\u00eener des actions et poursuites judiciaires telles que notamment pr\u00e9vues par le Code de la propri\u00e9t\u00e9 intellectuelle et le Code civil.<\/p><\/div>\t\t\t\t\t\t\t\t<\/div>\n\t\t\t\t<\/div>\n\t\t\t\t\t<\/div>\n\t\t\t\t<\/div>\n\t\t\t\t<\/div>\n\t\t","protected":false},"excerpt":{"rendered":"<p>Mentions l\u00e9gales \u00a0 Conform\u00e9ment aux dispositions des Articles 6-III et 19 de la Loi n\u00b02004-575 du 21 juin 2004 pour la Confiance dans l&rsquo;\u00e9conomie num\u00e9rique, dite L.C.E.N., il est port\u00e9 \u00e0 la connaissance des utilisateurs et visiteurs, ci-apr\u00e8s l&rsquo;\u00a0\u00bbUtilisateur\u00a0\u00bb, du site\u00a0https:\/\/victoria.codephenix.fr\/\u00a0, ci-apr\u00e8s le \u00ab\u00a0Site\u00a0\u00bb, les pr\u00e9sentes mentions l\u00e9gales. La connexion et la navigation sur le [&hellip;]<\/p>\n","protected":false},"author":1,"featured_media":0,"parent":0,"menu_order":0,"comment_status":"closed","ping_status":"closed","template":"","meta":{"footnotes":""},"class_list":["post-255","page","type-page","status-publish","hentry"],"yoast_head":"<!-- This site is optimized with the Yoast SEO plugin v26.9 - https:\/\/yoast.com\/product\/yoast-seo-wordpress\/ -->\n<title>Mentions l\u00e9gales - Escale Madeleine<\/title>\n<meta name=\"description\" content=\"Escale Madeleine - Accueillir des familles et amis des personnes d\u00e9tenus en attente de parloir \u00e0 la Maison d&#039;Arr\u00eat d&#039;Amiens\" \/>\n<meta name=\"robots\" content=\"index, follow, max-snippet:-1, max-image-preview:large, max-video-preview:-1\" \/>\n<link rel=\"canonical\" href=\"https:\/\/escale-madeleine-delbrel.fr\/index.php\/legal-mention\/\" \/>\n<meta property=\"og:locale\" content=\"fr_FR\" \/>\n<meta property=\"og:type\" content=\"article\" \/>\n<meta property=\"og:title\" content=\"Mentions l\u00e9gales - Escale Madeleine\" \/>\n<meta property=\"og:description\" content=\"Escale Madeleine - Accueillir des familles et amis des personnes d\u00e9tenus en attente de parloir \u00e0 la Maison d&#039;Arr\u00eat d&#039;Amiens\" \/>\n<meta property=\"og:url\" content=\"https:\/\/escale-madeleine-delbrel.fr\/index.php\/legal-mention\/\" \/>\n<meta property=\"og:site_name\" content=\"Escale Madeleine\" \/>\n<meta property=\"article:modified_time\" content=\"2026-02-05T10:27:39+00:00\" \/>\n<meta name=\"twitter:card\" content=\"summary_large_image\" \/>\n<meta name=\"twitter:label1\" content=\"Dur\u00e9e de lecture estim\u00e9e\" \/>\n\t<meta name=\"twitter:data1\" content=\"2 minutes\" \/>\n<script type=\"application\/ld+json\" class=\"yoast-schema-graph\">{\"@context\":\"https:\/\/schema.org\",\"@graph\":[{\"@type\":\"WebPage\",\"@id\":\"https:\/\/escale-madeleine-delbrel.fr\/index.php\/legal-mention\/\",\"url\":\"https:\/\/escale-madeleine-delbrel.fr\/index.php\/legal-mention\/\",\"name\":\"Mentions l\u00e9gales - Escale Madeleine\",\"isPartOf\":{\"@id\":\"https:\/\/escale-madeleine-delbrel.fr\/#website\"},\"datePublished\":\"2025-03-03T13:25:05+00:00\",\"dateModified\":\"2026-02-05T10:27:39+00:00\",\"description\":\"Escale Madeleine - Accueillir des familles et amis des personnes d\u00e9tenus en attente de parloir \u00e0 la Maison d'Arr\u00eat d'Amiens\",\"breadcrumb\":{\"@id\":\"https:\/\/escale-madeleine-delbrel.fr\/index.php\/legal-mention\/#breadcrumb\"},\"inLanguage\":\"fr-FR\",\"potentialAction\":[{\"@type\":\"ReadAction\",\"target\":[\"https:\/\/escale-madeleine-delbrel.fr\/index.php\/legal-mention\/\"]}]},{\"@type\":\"BreadcrumbList\",\"@id\":\"https:\/\/escale-madeleine-delbrel.fr\/index.php\/legal-mention\/#breadcrumb\",\"itemListElement\":[{\"@type\":\"ListItem\",\"position\":1,\"name\":\"Accueil\",\"item\":\"https:\/\/escale-madeleine-delbrel.fr\/\"},{\"@type\":\"ListItem\",\"position\":2,\"name\":\"Mentions l\u00e9gales\"}]},{\"@type\":\"WebSite\",\"@id\":\"https:\/\/escale-madeleine-delbrel.fr\/#website\",\"url\":\"https:\/\/escale-madeleine-delbrel.fr\/\",\"name\":\"Escale Madeleine Delbrel\",\"description\":\"Accueillir des familles et amis des personnes d\u00e9tenus en attente de parloir \u00e0 la Maison d&#039;Arr\u00eat d&#039;Amiens\",\"publisher\":{\"@id\":\"https:\/\/escale-madeleine-delbrel.fr\/#organization\"},\"potentialAction\":[{\"@type\":\"SearchAction\",\"target\":{\"@type\":\"EntryPoint\",\"urlTemplate\":\"https:\/\/escale-madeleine-delbrel.fr\/?s={search_term_string}\"},\"query-input\":{\"@type\":\"PropertyValueSpecification\",\"valueRequired\":true,\"valueName\":\"search_term_string\"}}],\"inLanguage\":\"fr-FR\"},{\"@type\":\"Organization\",\"@id\":\"https:\/\/escale-madeleine-delbrel.fr\/#organization\",\"name\":\"Escale Madeleine Delbrel\",\"url\":\"https:\/\/escale-madeleine-delbrel.fr\/\",\"logo\":{\"@type\":\"ImageObject\",\"inLanguage\":\"fr-FR\",\"@id\":\"https:\/\/escale-madeleine-delbrel.fr\/#\/schema\/logo\/image\/\",\"url\":\"https:\/\/escale-madeleine-delbrel.fr\/wp-content\/uploads\/2025\/08\/cropped-Capture-decran-du-2025-06-12-11-29-24-modified1-1.png\",\"contentUrl\":\"https:\/\/escale-madeleine-delbrel.fr\/wp-content\/uploads\/2025\/08\/cropped-Capture-decran-du-2025-06-12-11-29-24-modified1-1.png\",\"width\":95,\"height\":95,\"caption\":\"Escale Madeleine Delbrel\"},\"image\":{\"@id\":\"https:\/\/escale-madeleine-delbrel.fr\/#\/schema\/logo\/image\/\"}}]}<\/script>\n<!-- \/ Yoast SEO plugin. -->","yoast_head_json":{"title":"Mentions l\u00e9gales - Escale Madeleine","description":"Escale Madeleine - Accueillir des familles et amis des personnes d\u00e9tenus en attente de parloir \u00e0 la Maison d'Arr\u00eat d'Amiens","robots":{"index":"index","follow":"follow","max-snippet":"max-snippet:-1","max-image-preview":"max-image-preview:large","max-video-preview":"max-video-preview:-1"},"canonical":"https:\/\/escale-madeleine-delbrel.fr\/index.php\/legal-mention\/","og_locale":"fr_FR","og_type":"article","og_title":"Mentions l\u00e9gales - Escale Madeleine","og_description":"Escale Madeleine - Accueillir des familles et amis des personnes d\u00e9tenus en attente de parloir \u00e0 la Maison d'Arr\u00eat d'Amiens","og_url":"https:\/\/escale-madeleine-delbrel.fr\/index.php\/legal-mention\/","og_site_name":"Escale Madeleine","article_modified_time":"2026-02-05T10:27:39+00:00","twitter_card":"summary_large_image","twitter_misc":{"Dur\u00e9e de lecture estim\u00e9e":"2 minutes"},"schema":{"@context":"https:\/\/schema.org","@graph":[{"@type":"WebPage","@id":"https:\/\/escale-madeleine-delbrel.fr\/index.php\/legal-mention\/","url":"https:\/\/escale-madeleine-delbrel.fr\/index.php\/legal-mention\/","name":"Mentions l\u00e9gales - Escale Madeleine","isPartOf":{"@id":"https:\/\/escale-madeleine-delbrel.fr\/#website"},"datePublished":"2025-03-03T13:25:05+00:00","dateModified":"2026-02-05T10:27:39+00:00","description":"Escale Madeleine - Accueillir des familles et amis des personnes d\u00e9tenus en attente de parloir \u00e0 la Maison d'Arr\u00eat d'Amiens","breadcrumb":{"@id":"https:\/\/escale-madeleine-delbrel.fr\/index.php\/legal-mention\/#breadcrumb"},"inLanguage":"fr-FR","potentialAction":[{"@type":"ReadAction","target":["https:\/\/escale-madeleine-delbrel.fr\/index.php\/legal-mention\/"]}]},{"@type":"BreadcrumbList","@id":"https:\/\/escale-madeleine-delbrel.fr\/index.php\/legal-mention\/#breadcrumb","itemListElement":[{"@type":"ListItem","position":1,"name":"Accueil","item":"https:\/\/escale-madeleine-delbrel.fr\/"},{"@type":"ListItem","position":2,"name":"Mentions l\u00e9gales"}]},{"@type":"WebSite","@id":"https:\/\/escale-madeleine-delbrel.fr\/#website","url":"https:\/\/escale-madeleine-delbrel.fr\/","name":"Escale Madeleine Delbrel","description":"Accueillir des familles et amis des personnes d\u00e9tenus en attente de parloir \u00e0 la Maison d&#039;Arr\u00eat d&#039;Amiens","publisher":{"@id":"https:\/\/escale-madeleine-delbrel.fr\/#organization"},"potentialAction":[{"@type":"SearchAction","target":{"@type":"EntryPoint","urlTemplate":"https:\/\/escale-madeleine-delbrel.fr\/?s={search_term_string}"},"query-input":{"@type":"PropertyValueSpecification","valueRequired":true,"valueName":"search_term_string"}}],"inLanguage":"fr-FR"},{"@type":"Organization","@id":"https:\/\/escale-madeleine-delbrel.fr\/#organization","name":"Escale Madeleine Delbrel","url":"https:\/\/escale-madeleine-delbrel.fr\/","logo":{"@type":"ImageObject","inLanguage":"fr-FR","@id":"https:\/\/escale-madeleine-delbrel.fr\/#\/schema\/logo\/image\/","url":"https:\/\/escale-madeleine-delbrel.fr\/wp-content\/uploads\/2025\/08\/cropped-Capture-decran-du-2025-06-12-11-29-24-modified1-1.png","contentUrl":"https:\/\/escale-madeleine-delbrel.fr\/wp-content\/uploads\/2025\/08\/cropped-Capture-decran-du-2025-06-12-11-29-24-modified1-1.png","width":95,"height":95,"caption":"Escale Madeleine Delbrel"},"image":{"@id":"https:\/\/escale-madeleine-delbrel.fr\/#\/schema\/logo\/image\/"}}]}},"_links":{"self":[{"href":"https:\/\/escale-madeleine-delbrel.fr\/index.php\/wp-json\/wp\/v2\/pages\/255","targetHints":{"allow":["GET"]}}],"collection":[{"href":"https:\/\/escale-madeleine-delbrel.fr\/index.php\/wp-json\/wp\/v2\/pages"}],"about":[{"href":"https:\/\/escale-madeleine-delbrel.fr\/index.php\/wp-json\/wp\/v2\/types\/page"}],"author":[{"embeddable":true,"href":"https:\/\/escale-madeleine-delbrel.fr\/index.php\/wp-json\/wp\/v2\/users\/1"}],"replies":[{"embeddable":true,"href":"https:\/\/escale-madeleine-delbrel.fr\/index.php\/wp-json\/wp\/v2\/comments?post=255"}],"version-history":[{"count":40,"href":"https:\/\/escale-madeleine-delbrel.fr\/index.php\/wp-json\/wp\/v2\/pages\/255\/revisions"}],"predecessor-version":[{"id":1668,"href":"https:\/\/escale-madeleine-delbrel.fr\/index.php\/wp-json\/wp\/v2\/pages\/255\/revisions\/1668"}],"wp:attachment":[{"href":"https:\/\/escale-madeleine-delbrel.fr\/index.php\/wp-json\/wp\/v2\/media?parent=255"}],"curies":[{"name":"wp","href":"https:\/\/api.w.org\/{rel}","templated":true}]}}