{"id":2,"date":"2025-02-20T09:47:27","date_gmt":"2025-02-20T08:47:27","guid":{"rendered":"http:\/\/hftanfh.cluster027.hosting.ovh.net\/?page_id=2"},"modified":"2026-02-05T11:17:06","modified_gmt":"2026-02-05T10:17:06","slug":"maison-daccueil-lescale-madeleine-delbrelecouter-informer-orienter","status":"publish","type":"page","link":"https:\/\/escale-madeleine-delbrel.fr\/","title":{"rendered":"Maison d&rsquo;accueil l&rsquo;Escale Madeleine Delbr\u00eal<\/br><span class='subtitle'>\u00c9couter, informer, orienter <\/span>"},"content":{"rendered":"\t\t<div data-elementor-type=\"wp-page\" data-elementor-id=\"2\" class=\"elementor elementor-2\">\n\t\t\t\t<div class=\"elementor-element elementor-element-629c9a5 e-flex e-con-boxed e-con e-parent\" data-id=\"629c9a5\" data-element_type=\"container\" id=\"association-container\">\n\t\t\t\t\t<div class=\"e-con-inner\">\n\t\t\t\t<div class=\"elementor-element elementor-element-6d3e799 .section-association elementor-widget elementor-widget-heading\" data-id=\"6d3e799\" data-element_type=\"widget\" data-widget_type=\"heading.default\">\n\t\t\t\t<div class=\"elementor-widget-container\">\n\t\t\t\t\t<h2 class=\"elementor-heading-title elementor-size-default\">l'association<\/h2>\t\t\t\t<\/div>\n\t\t\t\t<\/div>\n\t\t\t\t<div class=\"elementor-element elementor-element-d02e76c elementor-widget__width-initial elementor-widget elementor-widget-text-editor\" data-id=\"d02e76c\" data-element_type=\"widget\" data-widget_type=\"text-editor.default\">\n\t\t\t\t<div class=\"elementor-widget-container\">\n\t\t\t\t\t\t\t\t\t<p>LA MAISON D\u2019ACCUEIL DES FAMILLES<br \/>ESCALE MADELEINE DELBR\u00caL<\/p><p>48, avenue de la D\u00e9fense Passive<br \/>80136 RIVERY<br \/>03 22 70 04 49<br \/><a href=\"mailto:accueil.escale80@gmail.com\">accueil.escale80@gmail.com<\/a><\/p>\t\t\t\t\t\t\t\t<\/div>\n\t\t\t\t<\/div>\n\t\t\t\t<div class=\"elementor-element elementor-element-d5893ec elementor-widget elementor-widget-text-editor\" data-id=\"d5893ec\" data-element_type=\"widget\" data-widget_type=\"text-editor.default\">\n\t\t\t\t<div class=\"elementor-widget-container\">\n\t\t\t\t\t\t\t\t\t<p>Situ\u00e9e en face de la Maison d\u2019Arr\u00eat d\u2019Amiens, la Maison d\u2019Accueil des familles est \u00e0 la disposition des personnes qui viennent rendre visite \u00e0 un proche incarc\u00e9r\u00e9.<\/p><p>Deux b\u00e9n\u00e9voles sont pr\u00e9sents chaque jour de parloir et vous proposent un lieu d\u2019accueil, de partage et d\u2019\u00e9coute avant et apr\u00e8s le parloir.<\/p>\t\t\t\t\t\t\t\t<\/div>\n\t\t\t\t<\/div>\n\t\t\t\t<div class=\"elementor-element elementor-element-32849c0 elementor-widget elementor-widget-text-editor\" data-id=\"32849c0\" data-element_type=\"widget\" data-widget_type=\"text-editor.default\">\n\t\t\t\t<div class=\"elementor-widget-container\">\n\t\t\t\t\t\t\t\t\t<ul><li>Un lieu confortable d\u2019attente o\u00f9 se trouvent des casiers pour d\u00e9poser tous objets ou documents interdits dans l\u2019enceinte de la Maison d\u2019Arr\u00eat (cl\u00e9s de voiture, t\u00e9l\u00e9phone portable \u2026), un distributeur de boissons, un micro-ondes, un coin jeu pour vos enfants, un coin change pour les b\u00e9b\u00e9s.<\/li><li>Un lieu d\u2019informations pour faciliter vos d\u00e9marches : obtenir un permis de visite, r\u00e9server un parloir, envoyer de l\u2019argent au d\u00e9tenu.<\/li><li>Un lieu o\u00f9 vous pourrez faire garder vos enfants de plus de 3 ans pendant la dur\u00e9e de votre parloir. Une d\u00e9charge de responsabilit\u00e9 sign\u00e9e par le parent visiteur vous sera demand\u00e9e.<\/li><\/ul>\t\t\t\t\t\t\t\t<\/div>\n\t\t\t\t<\/div>\n\t\t\t\t\t<\/div>\n\t\t\t\t<\/div>\n\t\t<div class=\"elementor-element elementor-element-1ae3dc6 e-flex e-con-boxed e-con e-parent\" data-id=\"1ae3dc6\" data-element_type=\"container\">\n\t\t\t\t\t<div class=\"e-con-inner\">\n\t\t\t\t<div class=\"elementor-element elementor-element-02393c5 images-association elementor-widget elementor-widget-image\" data-id=\"02393c5\" data-element_type=\"widget\" data-widget_type=\"image.default\">\n\t\t\t\t<div class=\"elementor-widget-container\">\n\t\t\t\t\t\t\t\t\t\t\t\t\t\t\t<img fetchpriority=\"high\" decoding=\"async\" width=\"2560\" height=\"1920\" src=\"https:\/\/escale-madeleine-delbrel.fr\/wp-content\/uploads\/2025\/06\/449165847-3d4c0da8-8a02-4c38-aa3d-5affa1f6661f-scaled.jpg\" class=\"attachment-full size-full wp-image-387\" alt=\"Salle d&#039;accueil\" srcset=\"https:\/\/escale-madeleine-delbrel.fr\/wp-content\/uploads\/2025\/06\/449165847-3d4c0da8-8a02-4c38-aa3d-5affa1f6661f-scaled.jpg 2560w, https:\/\/escale-madeleine-delbrel.fr\/wp-content\/uploads\/2025\/06\/449165847-3d4c0da8-8a02-4c38-aa3d-5affa1f6661f-300x225.jpg 300w, https:\/\/escale-madeleine-delbrel.fr\/wp-content\/uploads\/2025\/06\/449165847-3d4c0da8-8a02-4c38-aa3d-5affa1f6661f-1024x768.jpg 1024w, https:\/\/escale-madeleine-delbrel.fr\/wp-content\/uploads\/2025\/06\/449165847-3d4c0da8-8a02-4c38-aa3d-5affa1f6661f-768x576.jpg 768w, https:\/\/escale-madeleine-delbrel.fr\/wp-content\/uploads\/2025\/06\/449165847-3d4c0da8-8a02-4c38-aa3d-5affa1f6661f-1536x1152.jpg 1536w, https:\/\/escale-madeleine-delbrel.fr\/wp-content\/uploads\/2025\/06\/449165847-3d4c0da8-8a02-4c38-aa3d-5affa1f6661f-2048x1536.jpg 2048w, https:\/\/escale-madeleine-delbrel.fr\/wp-content\/uploads\/2025\/06\/449165847-3d4c0da8-8a02-4c38-aa3d-5affa1f6661f-1200x900.jpg 1200w, https:\/\/escale-madeleine-delbrel.fr\/wp-content\/uploads\/2025\/06\/449165847-3d4c0da8-8a02-4c38-aa3d-5affa1f6661f-1980x1485.jpg 1980w\" sizes=\"(max-width: 2560px) 100vw, 2560px\" \/>\t\t\t\t\t\t\t\t\t\t\t\t\t\t\t<\/div>\n\t\t\t\t<\/div>\n\t\t\t\t\t<\/div>\n\t\t\t\t<\/div>\n\t\t<div class=\"elementor-element elementor-element-2479bb0 e-flex e-con-boxed e-con e-parent\" data-id=\"2479bb0\" data-element_type=\"container\" id=\"nos-partenaires-container\">\n\t\t\t\t\t<div class=\"e-con-inner\">\n\t\t\t\t<div class=\"elementor-element elementor-element-549ca5c elementor-widget elementor-widget-text-editor\" data-id=\"549ca5c\" data-element_type=\"widget\" data-widget_type=\"text-editor.default\">\n\t\t\t\t<div class=\"elementor-widget-container\">\n\t\t\t\t\t\t\t\t\t<blockquote><p dir=\"auto\">La maison d\u2019accueil est ouverte :<\/p><ul dir=\"auto\"><li>Mardi de 13 h \u00e0 17h<\/li><li>Mercredi de 9h \u00e0 12h et de 13h \u00e0 17h<\/li><li>Vendredi de 13h \u00e0 17h<\/li><li>Samedi de 7h30 \u00e0 12h et de 13h \u00e0 16h<\/li><\/ul><\/blockquote>\t\t\t\t\t\t\t\t<\/div>\n\t\t\t\t<\/div>\n\t\t\t\t\t<\/div>\n\t\t\t\t<\/div>\n\t\t<div class=\"elementor-element elementor-element-0529719 e-flex e-con-boxed e-con e-parent\" data-id=\"0529719\" data-element_type=\"container\">\n\t\t\t\t\t<div class=\"e-con-inner\">\n\t\t\t\t<div class=\"elementor-element elementor-element-250873a elementor-widget elementor-widget-heading\" data-id=\"250873a\" data-element_type=\"widget\" data-widget_type=\"heading.default\">\n\t\t\t\t<div class=\"elementor-widget-container\">\n\t\t\t\t\t<h3 class=\"elementor-heading-title elementor-size-default\">Notre association est reconnue d\u2019int\u00e9r\u00eat g\u00e9n\u00e9ral, tous vos dons donnent droit \u00e0 une r\u00e9duction d\u2019imp\u00f4t.<\/h3>\t\t\t\t<\/div>\n\t\t\t\t<\/div>\n\t\t\t\t\t<\/div>\n\t\t\t\t<\/div>\n\t\t\t\t<\/div>\n\t\t","protected":false},"excerpt":{"rendered":"<p>l&rsquo;association LA MAISON D\u2019ACCUEIL DES FAMILLESESCALE MADELEINE DELBR\u00caL 48, avenue de la D\u00e9fense Passive80136 RIVERY03 22 70 04 49accueil.escale80@gmail.com Situ\u00e9e en face de la Maison d\u2019Arr\u00eat d\u2019Amiens, la Maison d\u2019Accueil des familles est \u00e0 la disposition des personnes qui viennent rendre visite \u00e0 un proche incarc\u00e9r\u00e9. Deux b\u00e9n\u00e9voles sont pr\u00e9sents chaque jour de parloir et [&hellip;]<\/p>\n","protected":false},"author":1,"featured_media":0,"parent":0,"menu_order":0,"comment_status":"closed","ping_status":"closed","template":"","meta":{"footnotes":""},"class_list":["post-2","page","type-page","status-publish","hentry"],"yoast_head":"<!-- This site is optimized with the Yoast SEO plugin v26.9 - https:\/\/yoast.com\/product\/yoast-seo-wordpress\/ -->\n<title>Escale Madeleine - Maison d\u2019accueil l\u2019Escale Madeleine Delbr\u00eal<\/title>\n<meta name=\"description\" content=\"Escale Madeleine - Accueillir des familles et amis des personnes d\u00e9tenus en attente de parloir \u00e0 la Maison d&#039;Arr\u00eat d&#039;Amiens.\" \/>\n<meta name=\"robots\" content=\"index, follow, max-snippet:-1, max-image-preview:large, max-video-preview:-1\" \/>\n<link rel=\"canonical\" href=\"https:\/\/escale-madeleine-delbrel.fr\/\" \/>\n<meta property=\"og:locale\" content=\"fr_FR\" \/>\n<meta property=\"og:type\" content=\"article\" \/>\n<meta property=\"og:title\" content=\"Escale Madeleine - Maison d\u2019accueil l\u2019Escale Madeleine Delbr\u00eal\" \/>\n<meta property=\"og:description\" content=\"Escale Madeleine - Accueillir des familles et amis des personnes d\u00e9tenus en attente de parloir \u00e0 la Maison d&#039;Arr\u00eat d&#039;Amiens.\" \/>\n<meta property=\"og:url\" content=\"https:\/\/escale-madeleine-delbrel.fr\/\" \/>\n<meta property=\"og:site_name\" content=\"Escale Madeleine\" \/>\n<meta property=\"article:modified_time\" content=\"2026-02-05T10:17:06+00:00\" \/>\n<meta property=\"og:image\" content=\"https:\/\/escale-madeleine-delbrel.fr\/wp-content\/uploads\/2025\/06\/449165847-3d4c0da8-8a02-4c38-aa3d-5affa1f6661f-scaled.jpg\" \/>\n<meta name=\"twitter:card\" content=\"summary_large_image\" \/>\n<meta name=\"twitter:label1\" content=\"Dur\u00e9e de lecture estim\u00e9e\" \/>\n\t<meta name=\"twitter:data1\" content=\"2 minutes\" \/>\n<script type=\"application\/ld+json\" class=\"yoast-schema-graph\">{\"@context\":\"https:\/\/schema.org\",\"@graph\":[{\"@type\":\"WebPage\",\"@id\":\"https:\/\/escale-madeleine-delbrel.fr\/\",\"url\":\"https:\/\/escale-madeleine-delbrel.fr\/\",\"name\":\"Escale Madeleine - Maison d\u2019accueil l\u2019Escale Madeleine Delbr\u00eal\",\"isPartOf\":{\"@id\":\"https:\/\/escale-madeleine-delbrel.fr\/#website\"},\"primaryImageOfPage\":{\"@id\":\"https:\/\/escale-madeleine-delbrel.fr\/#primaryimage\"},\"image\":{\"@id\":\"https:\/\/escale-madeleine-delbrel.fr\/#primaryimage\"},\"thumbnailUrl\":\"https:\/\/escale-madeleine-delbrel.fr\/wp-content\/uploads\/2025\/06\/449165847-3d4c0da8-8a02-4c38-aa3d-5affa1f6661f-scaled.jpg\",\"datePublished\":\"2025-02-20T08:47:27+00:00\",\"dateModified\":\"2026-02-05T10:17:06+00:00\",\"description\":\"Escale Madeleine - Accueillir des familles et amis des personnes d\u00e9tenus en attente de parloir \u00e0 la Maison d'Arr\u00eat d'Amiens.\",\"breadcrumb\":{\"@id\":\"https:\/\/escale-madeleine-delbrel.fr\/#breadcrumb\"},\"inLanguage\":\"fr-FR\",\"potentialAction\":[{\"@type\":\"ReadAction\",\"target\":[\"https:\/\/escale-madeleine-delbrel.fr\/\"]}]},{\"@type\":\"ImageObject\",\"inLanguage\":\"fr-FR\",\"@id\":\"https:\/\/escale-madeleine-delbrel.fr\/#primaryimage\",\"url\":\"https:\/\/escale-madeleine-delbrel.fr\/wp-content\/uploads\/2025\/06\/449165847-3d4c0da8-8a02-4c38-aa3d-5affa1f6661f-scaled.jpg\",\"contentUrl\":\"https:\/\/escale-madeleine-delbrel.fr\/wp-content\/uploads\/2025\/06\/449165847-3d4c0da8-8a02-4c38-aa3d-5affa1f6661f-scaled.jpg\",\"width\":2560,\"height\":1920,\"caption\":\"Salle d'accueil\"},{\"@type\":\"BreadcrumbList\",\"@id\":\"https:\/\/escale-madeleine-delbrel.fr\/#breadcrumb\",\"itemListElement\":[{\"@type\":\"ListItem\",\"position\":1,\"name\":\"Accueil\",\"item\":\"https:\/\/escale-madeleine-delbrel.fr\/\"},{\"@type\":\"ListItem\",\"position\":2,\"name\":\"Maison d&rsquo;accueil l&rsquo;Escale Madeleine Delbr\u00eal\u00c9couter, informer, orienter\"}]},{\"@type\":\"WebSite\",\"@id\":\"https:\/\/escale-madeleine-delbrel.fr\/#website\",\"url\":\"https:\/\/escale-madeleine-delbrel.fr\/\",\"name\":\"Escale Madeleine Delbrel\",\"description\":\"Accueillir des familles et amis des personnes d\u00e9tenus en attente de parloir \u00e0 la Maison d&#039;Arr\u00eat d&#039;Amiens\",\"publisher\":{\"@id\":\"https:\/\/escale-madeleine-delbrel.fr\/#organization\"},\"potentialAction\":[{\"@type\":\"SearchAction\",\"target\":{\"@type\":\"EntryPoint\",\"urlTemplate\":\"https:\/\/escale-madeleine-delbrel.fr\/?s={search_term_string}\"},\"query-input\":{\"@type\":\"PropertyValueSpecification\",\"valueRequired\":true,\"valueName\":\"search_term_string\"}}],\"inLanguage\":\"fr-FR\"},{\"@type\":\"Organization\",\"@id\":\"https:\/\/escale-madeleine-delbrel.fr\/#organization\",\"name\":\"Escale Madeleine Delbrel\",\"url\":\"https:\/\/escale-madeleine-delbrel.fr\/\",\"logo\":{\"@type\":\"ImageObject\",\"inLanguage\":\"fr-FR\",\"@id\":\"https:\/\/escale-madeleine-delbrel.fr\/#\/schema\/logo\/image\/\",\"url\":\"https:\/\/escale-madeleine-delbrel.fr\/wp-content\/uploads\/2025\/08\/cropped-Capture-decran-du-2025-06-12-11-29-24-modified1-1.png\",\"contentUrl\":\"https:\/\/escale-madeleine-delbrel.fr\/wp-content\/uploads\/2025\/08\/cropped-Capture-decran-du-2025-06-12-11-29-24-modified1-1.png\",\"width\":95,\"height\":95,\"caption\":\"Escale Madeleine Delbrel\"},\"image\":{\"@id\":\"https:\/\/escale-madeleine-delbrel.fr\/#\/schema\/logo\/image\/\"}}]}<\/script>\n<!-- \/ Yoast SEO plugin. -->","yoast_head_json":{"title":"Escale Madeleine - Maison d\u2019accueil l\u2019Escale Madeleine Delbr\u00eal","description":"Escale Madeleine - Accueillir des familles et amis des personnes d\u00e9tenus en attente de parloir \u00e0 la Maison d'Arr\u00eat d'Amiens.","robots":{"index":"index","follow":"follow","max-snippet":"max-snippet:-1","max-image-preview":"max-image-preview:large","max-video-preview":"max-video-preview:-1"},"canonical":"https:\/\/escale-madeleine-delbrel.fr\/","og_locale":"fr_FR","og_type":"article","og_title":"Escale Madeleine - Maison d\u2019accueil l\u2019Escale Madeleine Delbr\u00eal","og_description":"Escale Madeleine - Accueillir des familles et amis des personnes d\u00e9tenus en attente de parloir \u00e0 la Maison d'Arr\u00eat d'Amiens.","og_url":"https:\/\/escale-madeleine-delbrel.fr\/","og_site_name":"Escale Madeleine","article_modified_time":"2026-02-05T10:17:06+00:00","og_image":[{"url":"https:\/\/escale-madeleine-delbrel.fr\/wp-content\/uploads\/2025\/06\/449165847-3d4c0da8-8a02-4c38-aa3d-5affa1f6661f-scaled.jpg","type":"","width":"","height":""}],"twitter_card":"summary_large_image","twitter_misc":{"Dur\u00e9e de lecture estim\u00e9e":"2 minutes"},"schema":{"@context":"https:\/\/schema.org","@graph":[{"@type":"WebPage","@id":"https:\/\/escale-madeleine-delbrel.fr\/","url":"https:\/\/escale-madeleine-delbrel.fr\/","name":"Escale Madeleine - Maison d\u2019accueil l\u2019Escale Madeleine Delbr\u00eal","isPartOf":{"@id":"https:\/\/escale-madeleine-delbrel.fr\/#website"},"primaryImageOfPage":{"@id":"https:\/\/escale-madeleine-delbrel.fr\/#primaryimage"},"image":{"@id":"https:\/\/escale-madeleine-delbrel.fr\/#primaryimage"},"thumbnailUrl":"https:\/\/escale-madeleine-delbrel.fr\/wp-content\/uploads\/2025\/06\/449165847-3d4c0da8-8a02-4c38-aa3d-5affa1f6661f-scaled.jpg","datePublished":"2025-02-20T08:47:27+00:00","dateModified":"2026-02-05T10:17:06+00:00","description":"Escale Madeleine - Accueillir des familles et amis des personnes d\u00e9tenus en attente de parloir \u00e0 la Maison d'Arr\u00eat d'Amiens.","breadcrumb":{"@id":"https:\/\/escale-madeleine-delbrel.fr\/#breadcrumb"},"inLanguage":"fr-FR","potentialAction":[{"@type":"ReadAction","target":["https:\/\/escale-madeleine-delbrel.fr\/"]}]},{"@type":"ImageObject","inLanguage":"fr-FR","@id":"https:\/\/escale-madeleine-delbrel.fr\/#primaryimage","url":"https:\/\/escale-madeleine-delbrel.fr\/wp-content\/uploads\/2025\/06\/449165847-3d4c0da8-8a02-4c38-aa3d-5affa1f6661f-scaled.jpg","contentUrl":"https:\/\/escale-madeleine-delbrel.fr\/wp-content\/uploads\/2025\/06\/449165847-3d4c0da8-8a02-4c38-aa3d-5affa1f6661f-scaled.jpg","width":2560,"height":1920,"caption":"Salle d'accueil"},{"@type":"BreadcrumbList","@id":"https:\/\/escale-madeleine-delbrel.fr\/#breadcrumb","itemListElement":[{"@type":"ListItem","position":1,"name":"Accueil","item":"https:\/\/escale-madeleine-delbrel.fr\/"},{"@type":"ListItem","position":2,"name":"Maison d&rsquo;accueil l&rsquo;Escale Madeleine Delbr\u00eal\u00c9couter, informer, orienter"}]},{"@type":"WebSite","@id":"https:\/\/escale-madeleine-delbrel.fr\/#website","url":"https:\/\/escale-madeleine-delbrel.fr\/","name":"Escale Madeleine Delbrel","description":"Accueillir des familles et amis des personnes d\u00e9tenus en attente de parloir \u00e0 la Maison d&#039;Arr\u00eat d&#039;Amiens","publisher":{"@id":"https:\/\/escale-madeleine-delbrel.fr\/#organization"},"potentialAction":[{"@type":"SearchAction","target":{"@type":"EntryPoint","urlTemplate":"https:\/\/escale-madeleine-delbrel.fr\/?s={search_term_string}"},"query-input":{"@type":"PropertyValueSpecification","valueRequired":true,"valueName":"search_term_string"}}],"inLanguage":"fr-FR"},{"@type":"Organization","@id":"https:\/\/escale-madeleine-delbrel.fr\/#organization","name":"Escale Madeleine Delbrel","url":"https:\/\/escale-madeleine-delbrel.fr\/","logo":{"@type":"ImageObject","inLanguage":"fr-FR","@id":"https:\/\/escale-madeleine-delbrel.fr\/#\/schema\/logo\/image\/","url":"https:\/\/escale-madeleine-delbrel.fr\/wp-content\/uploads\/2025\/08\/cropped-Capture-decran-du-2025-06-12-11-29-24-modified1-1.png","contentUrl":"https:\/\/escale-madeleine-delbrel.fr\/wp-content\/uploads\/2025\/08\/cropped-Capture-decran-du-2025-06-12-11-29-24-modified1-1.png","width":95,"height":95,"caption":"Escale Madeleine Delbrel"},"image":{"@id":"https:\/\/escale-madeleine-delbrel.fr\/#\/schema\/logo\/image\/"}}]}},"_links":{"self":[{"href":"https:\/\/escale-madeleine-delbrel.fr\/index.php\/wp-json\/wp\/v2\/pages\/2","targetHints":{"allow":["GET"]}}],"collection":[{"href":"https:\/\/escale-madeleine-delbrel.fr\/index.php\/wp-json\/wp\/v2\/pages"}],"about":[{"href":"https:\/\/escale-madeleine-delbrel.fr\/index.php\/wp-json\/wp\/v2\/types\/page"}],"author":[{"embeddable":true,"href":"https:\/\/escale-madeleine-delbrel.fr\/index.php\/wp-json\/wp\/v2\/users\/1"}],"replies":[{"embeddable":true,"href":"https:\/\/escale-madeleine-delbrel.fr\/index.php\/wp-json\/wp\/v2\/comments?post=2"}],"version-history":[{"count":417,"href":"https:\/\/escale-madeleine-delbrel.fr\/index.php\/wp-json\/wp\/v2\/pages\/2\/revisions"}],"predecessor-version":[{"id":1659,"href":"https:\/\/escale-madeleine-delbrel.fr\/index.php\/wp-json\/wp\/v2\/pages\/2\/revisions\/1659"}],"wp:attachment":[{"href":"https:\/\/escale-madeleine-delbrel.fr\/index.php\/wp-json\/wp\/v2\/media?parent=2"}],"curies":[{"name":"wp","href":"https:\/\/api.w.org\/{rel}","templated":true}]}}